{"id":9,"date":"2015-11-12T10:38:21","date_gmt":"2015-11-12T09:38:21","guid":{"rendered":"http:\/\/dev.msh-vdl.fr\/clinique\/?page_id=9"},"modified":"2016-04-19T12:57:48","modified_gmt":"2016-04-19T11:57:48","slug":"nos-partenaires","status":"publish","type":"page","link":"https:\/\/cjde.univ-tours.fr\/index.php\/nos-partenaires\/","title":{"rendered":"Nos partenaires"},"content":{"rendered":"<p>&nbsp;<\/p>\n<p><a href=\"http:\/\/cjde.univ-tours.fr\/wp-content\/uploads\/2015\/11\/logo-commission-euro.png\" rel=\"attachment wp-att-161\"><img loading=\"lazy\" decoding=\"async\" class=\"alignleft wp-image-161\" src=\"http:\/\/cjde.univ-tours.fr\/wp-content\/uploads\/2015\/11\/logo-commission-euro.png\" alt=\"logo commission euro\" width=\"206\" height=\"72\" \/><\/a><\/p>\n<p style=\"text-align: right;\"><a href=\"http:\/\/ec.europa.eu\/index_fr.htm\">Commission europ\u00e9enne<\/a><\/p>\n<p style=\"text-align: right;\">\n<hr \/>\n<p>&nbsp;<\/p>\n<p style=\"text-align: right;\"><a href=\"http:\/\/cjde.univ-tours.fr\/wp-content\/uploads\/2015\/11\/logo-Europe-Val-de-Loire.png\" rel=\"attachment wp-att-162\"><img loading=\"lazy\" decoding=\"async\" class=\"alignleft wp-image-162\" src=\"http:\/\/cjde.univ-tours.fr\/wp-content\/uploads\/2015\/11\/logo-Europe-Val-de-Loire.png\" alt=\"logo Europe Val de Loire\" width=\"380\" height=\"54\" \/><\/a><a href=\"http:\/\/www.europevaldeloire.eu\">http:\/\/www.europevaldeloire.eu<\/a><\/p>\n<p style=\"text-align: right;\">\n<hr \/>\n<p>&nbsp;<\/p>\n<p><a href=\"http:\/\/cjde.univ-tours.fr\/wp-content\/uploads\/2015\/11\/index1.jpg\" rel=\"attachment wp-att-42\"><img loading=\"lazy\" decoding=\"async\" class=\"alignleft wp-image-42\" src=\"http:\/\/cjde.univ-tours.fr\/wp-content\/uploads\/2015\/11\/index1.jpg\" alt=\"index\" width=\"100\" height=\"100\" \/><\/a><\/p>\n<p style=\"text-align: right;\"><a href=\"http:\/\/www.maisoneuropetours.fr\/index.php\/fr\/\">Maison de l&rsquo;Europe de Tours<\/a><\/p>\n<p>&nbsp;<\/p>\n<p>&nbsp;<\/p>\n<hr \/>\n<p><a href=\"http:\/\/cjde.univ-tours.fr\/wp-content\/uploads\/2015\/11\/logo.png\" rel=\"attachment wp-att-33\"><img loading=\"lazy\" decoding=\"async\" class=\"alignleft wp-image-33 size-thumbnail\" src=\"http:\/\/cjde.univ-tours.fr\/wp-content\/uploads\/2015\/11\/logo-150x70.png\" alt=\"logo\" width=\"150\" height=\"70\" \/><\/a><\/p>\n<p style=\"text-align: right;\"><a href=\"http:\/\/www.msh-vdl.fr\">MSH Val de loire<\/a><\/p>\n<p>&nbsp;<\/p>\n<hr \/>\n<p><a href=\"http:\/\/cjde.univ-tours.fr\/wp-content\/uploads\/2015\/11\/indexce.jpg\" rel=\"attachment wp-att-40\"><img loading=\"lazy\" decoding=\"async\" class=\"alignleft wp-image-40 size-full\" src=\"http:\/\/cjde.univ-tours.fr\/wp-content\/uploads\/2015\/11\/indexce.jpg\" alt=\"indexce\" width=\"160\" height=\"111\" \/><\/a><\/p>\n<p style=\"text-align: right;\"><a href=\"http:\/\/www.europarl.europa.eu\/portal\/fr\">Parlement europ\u00e9en<\/a><\/p>\n<p style=\"text-align: justify;\">D\u00e8s sa premi\u00e8re ann\u00e9e de fonctionnement,\u00a0Mme la D\u00e9put\u00e9e europ\u00e9enne <a href=\"http:\/\/www.europarl.europa.eu\/meps\/fr\/124732\/ANGELIQUE_DELAHAYE_home.html\">Ang\u00e9lique DELAHAYE<\/a> a fait confiance \u00e0 la CJDE en lui confiant un travail de premier ordre : r\u00e9diger un guide destin\u00e9 aux chefs d&rsquo;entreprise pour\u00a0faciliter l&rsquo;acc\u00e8s des PME de la r\u00e9gion Centre Val de Loire aux subventions europ\u00e9ennes.<\/p>\n<hr \/>\n<p style=\"text-align: right;\"><a href=\"http:\/\/www.regioncentre-valdeloire.fr\/accueil.html\"><img loading=\"lazy\" decoding=\"async\" class=\"alignleft wp-image-163\" src=\"http:\/\/cjde.univ-tours.fr\/wp-content\/uploads\/2015\/11\/logo-region-Centre-VDL.png\" alt=\"logo r\u00e9gion Centre VDL\" width=\"200\" height=\"25\" \/>R\u00e9gion Centre Val de Loire<\/a><\/p>\n<hr \/>\n<p>&nbsp;<\/p>\n","protected":false},"excerpt":{"rendered":"<p>&nbsp; Commission europ\u00e9enne &nbsp; http:\/\/www.europevaldeloire.eu &nbsp; Maison de l&rsquo;Europe de Tours &nbsp; &nbsp; MSH Val de loire &nbsp; Parlement europ\u00e9en D\u00e8s sa premi\u00e8re ann\u00e9e de fonctionnement,\u00a0Mme la D\u00e9put\u00e9e europ\u00e9enne Ang\u00e9lique DELAHAYE a fait confiance \u00e0 la CJDE en lui confiant un travail de premier ordre : r\u00e9diger un guide destin\u00e9 aux chefs d&rsquo;entreprise pour\u00a0faciliter l&rsquo;acc\u00e8s &hellip; <a href=\"https:\/\/cjde.univ-tours.fr\/index.php\/nos-partenaires\/\" class=\"more-link\">Continuer la lecture<span class=\"screen-reader-text\"> de &laquo;&nbsp;Nos partenaires&nbsp;&raquo;<\/span><\/a><\/p>\n","protected":false},"author":1,"featured_media":0,"parent":0,"menu_order":2,"comment_status":"closed","ping_status":"closed","template":"","meta":{"footnotes":""},"class_list":["post-9","page","type-page","status-publish","hentry"],"_links":{"self":[{"href":"https:\/\/cjde.univ-tours.fr\/index.php\/wp-json\/wp\/v2\/pages\/9","targetHints":{"allow":["GET"]}}],"collection":[{"href":"https:\/\/cjde.univ-tours.fr\/index.php\/wp-json\/wp\/v2\/pages"}],"about":[{"href":"https:\/\/cjde.univ-tours.fr\/index.php\/wp-json\/wp\/v2\/types\/page"}],"author":[{"embeddable":true,"href":"https:\/\/cjde.univ-tours.fr\/index.php\/wp-json\/wp\/v2\/users\/1"}],"replies":[{"embeddable":true,"href":"https:\/\/cjde.univ-tours.fr\/index.php\/wp-json\/wp\/v2\/comments?post=9"}],"version-history":[{"count":11,"href":"https:\/\/cjde.univ-tours.fr\/index.php\/wp-json\/wp\/v2\/pages\/9\/revisions"}],"predecessor-version":[{"id":210,"href":"https:\/\/cjde.univ-tours.fr\/index.php\/wp-json\/wp\/v2\/pages\/9\/revisions\/210"}],"wp:attachment":[{"href":"https:\/\/cjde.univ-tours.fr\/index.php\/wp-json\/wp\/v2\/media?parent=9"}],"curies":[{"name":"wp","href":"https:\/\/api.w.org\/{rel}","templated":true}]}}