{"id":5,"date":"2015-11-12T10:33:51","date_gmt":"2015-11-12T09:33:51","guid":{"rendered":"http:\/\/dev.msh-vdl.fr\/clinique\/?page_id=5"},"modified":"2016-03-25T17:01:33","modified_gmt":"2016-03-25T16:01:33","slug":"la-clinique-juridique-en-droit-europeen","status":"publish","type":"page","link":"https:\/\/cjde.univ-tours.fr\/","title":{"rendered":"Qu&rsquo;est-ce qu&rsquo;une clinique ?"},"content":{"rendered":"<p style=\"text-align: left;\"><u>Les Cliniques juridiques\u00a0:<\/u><\/p>\n<p style=\"text-align: justify;\">\u00c9l\u00e9ment incontournable de l\u2019enseignement juridique nord-am\u00e9ricain, les cliniques juridiques s\u2019implantent progressivement en France depuis quelques ann\u00e9es. Elles sont le lieu privil\u00e9gi\u00e9 d\u2019un <strong>enseignement \u00ab\u00a0clinique\u00a0\u00bb du droit. <\/strong>\u00c0 l\u2019image des <strong>\u00e9tudes de m\u00e9decine<\/strong> dans lesquelles les \u00e9tudiants sont rapidement confront\u00e9s \u00e0 de \u00ab\u00a0vrais\u00a0\u00bb patients souffrant de r\u00e9elles pathologies, <strong>les Cliniques juridiques<\/strong> <strong>ont pour objectif de confronter les \u00e9tudiants aux probl\u00e8mes juridiques concrets que rencontrent les individus, entreprises ou associations.<\/strong><\/p>\n<p><u>Notre Clinique juridique\u00a0:<\/u><\/p>\n<p style=\"text-align: justify;\">La <strong>CJDE est\u00a0sp\u00e9cialis\u00e9e en droit europ\u00e9en<\/strong>. Preuve de sa n\u00e9cessit\u00e9, la CJDE b\u00e9n\u00e9ficie d\u00e9j\u00e0 de <strong>l\u2019appui de partenaires institutionnels de premier ordre<\/strong> (Parlement europ\u00e9en, Commission europ\u00e9enne, Pr\u00e9fecture d\u2019Indre-et-Loire, Communaut\u00e9 d\u2019agglom\u00e9ration Tour(s)Plus\u2026). Ainsi,\u00a0pour sa premi\u00e8re ann\u00e9e d&rsquo;existence, la CJDE a nou\u00e9 un partenariat avec <strong>Mme la D\u00e9put\u00e9e europ\u00e9enne <a href=\"http:\/\/www.europarl.europa.eu\/meps\/fr\/124732\/ANGELIQUE_DELAHAYE_home.html\">Ang\u00e9lique DELAHAYE<\/a><\/strong><\/p>\n<p style=\"text-align: justify;\">La CJDE est membre du <a href=\"http:\/\/www.cliniques-juridiques.org\">RCJF<\/a>, le R\u00e9seau des cliniques juridiques francophones<\/p>\n<p style=\"text-align: left;\"><a href=\"http:\/\/cjde.univ-tours.fr\/index.php\/contact\/\">Contacter la CJDE<\/a><\/p>\n<p>&nbsp;<\/p>\n","protected":false},"excerpt":{"rendered":"<p>Les Cliniques juridiques\u00a0: \u00c9l\u00e9ment incontournable de l\u2019enseignement juridique nord-am\u00e9ricain, les cliniques juridiques s\u2019implantent progressivement en France depuis quelques ann\u00e9es. Elles sont le lieu privil\u00e9gi\u00e9 d\u2019un enseignement \u00ab\u00a0clinique\u00a0\u00bb du droit. \u00c0 l\u2019image des \u00e9tudes de m\u00e9decine dans lesquelles les \u00e9tudiants sont rapidement confront\u00e9s \u00e0 de \u00ab\u00a0vrais\u00a0\u00bb patients souffrant de r\u00e9elles pathologies, les Cliniques juridiques ont pour &hellip; <a href=\"https:\/\/cjde.univ-tours.fr\/\" class=\"more-link\">Continuer la lecture<span class=\"screen-reader-text\"> de &laquo;&nbsp;Qu&rsquo;est-ce qu&rsquo;une clinique ?&nbsp;&raquo;<\/span><\/a><\/p>\n","protected":false},"author":1,"featured_media":0,"parent":0,"menu_order":0,"comment_status":"closed","ping_status":"closed","template":"","meta":{"footnotes":""},"class_list":["post-5","page","type-page","status-publish","hentry"],"_links":{"self":[{"href":"https:\/\/cjde.univ-tours.fr\/index.php\/wp-json\/wp\/v2\/pages\/5","targetHints":{"allow":["GET"]}}],"collection":[{"href":"https:\/\/cjde.univ-tours.fr\/index.php\/wp-json\/wp\/v2\/pages"}],"about":[{"href":"https:\/\/cjde.univ-tours.fr\/index.php\/wp-json\/wp\/v2\/types\/page"}],"author":[{"embeddable":true,"href":"https:\/\/cjde.univ-tours.fr\/index.php\/wp-json\/wp\/v2\/users\/1"}],"replies":[{"embeddable":true,"href":"https:\/\/cjde.univ-tours.fr\/index.php\/wp-json\/wp\/v2\/comments?post=5"}],"version-history":[{"count":15,"href":"https:\/\/cjde.univ-tours.fr\/index.php\/wp-json\/wp\/v2\/pages\/5\/revisions"}],"predecessor-version":[{"id":179,"href":"https:\/\/cjde.univ-tours.fr\/index.php\/wp-json\/wp\/v2\/pages\/5\/revisions\/179"}],"wp:attachment":[{"href":"https:\/\/cjde.univ-tours.fr\/index.php\/wp-json\/wp\/v2\/media?parent=5"}],"curies":[{"name":"wp","href":"https:\/\/api.w.org\/{rel}","templated":true}]}}