{"id":34,"date":"2015-11-24T11:35:59","date_gmt":"2015-11-24T10:35:59","guid":{"rendered":"http:\/\/dev.msh-vdl.fr\/clinique\/?page_id=34"},"modified":"2015-12-03T11:06:01","modified_gmt":"2015-12-03T10:06:01","slug":"mentions-legales","status":"publish","type":"page","link":"https:\/\/cjde.univ-tours.fr\/index.php\/mentions-legales\/","title":{"rendered":"Mentions l\u00e9gales"},"content":{"rendered":"<div class=\"entry-content\">\n<p>Groupe d\u2019\u00c9tudes et de Recherche sur la Coop\u00e9ration Internationale et Europ\u00e9enne (GERCIE) \u2013 EA 2110<br \/>\n50, Avenue Jean Portalis<br \/>\n37200 TOURS<\/p>\n<p>Directrice de la publication : Selma Josso<\/p>\n<p><strong>Donn\u00e9es personnelles et informations nominatives<\/strong><\/p>\n<p>Conform\u00e9ment \u00e0 l\u2019article 34 de la Loi \u00ab\u00a0Informatique et Libert\u00e9s\u00a0\u00bb n\u00b0 78-17 du 6 janvier 1978, modifi\u00e9e le 6 ao\u00fbt 2004, vous disposez d\u2019un droit d\u2019acc\u00e8s, de modification, de rectification et de suppression des donn\u00e9es qui vous concernent.<\/p>\n<p>Vous pouvez l\u2019exercer sur simple demande \u00e9crite \u00e0 l\u2019adresse suivante :<\/p>\n<p>Groupe d\u2019\u00c9tudes et de Recherche sur la Coop\u00e9ration Internationale et Europ\u00e9enne (GERCIE) \u2013 EA 2110<br \/>\n50, Avenue Jean Portalis<br \/>\n37200 TOURS<\/p>\n<p><strong>L\u00e9gislation<\/strong><\/p>\n<p>En application de la loi du 11 mars 1957 (art. 41) et du code de la propri\u00e9t\u00e9 intellectuelle du 1er juillet 1992, toute reproduction partielle ou totale \u00e0 usage collectif est strictement interdite sans autorisation du Groupe d\u2019\u00c9tudes et de Recherche sur la Coop\u00e9ration Internationale et Europ\u00e9enne (GERCIE) \u2013 EA 2110.<\/p>\n<p><strong>Mise \u00e0 jour<\/strong><\/p>\n<p>La mise \u00e0 jour du site est r\u00e9alis\u00e9e quotidiennement par Selma Josso : selma.josso@univ-tours.fr.<\/p>\n<p><strong>H\u00e9bergement<\/strong><\/p>\n<p>Universit\u00e9 Fran\u00e7ois-Rabelais<br \/>\nDirection des Technologies de l\u2019Information et de la Communication (DTIC)<br \/>\n60, Rue du Plat d\u2019Etain BP 12050<br \/>\n37020 TOURS CEDEX 1<br \/>\nservice.informatique(at)univ-tours.fr<\/p>\n<p><strong>R\u00e9alisation<\/strong><\/p>\n<p>Site r\u00e9alis\u00e9 avec WordPress par l\u2019atelier num\u00e9rique de la Maison des Sciences de l\u2019Homme Val de Loire (USR 3501).<\/p>\n<\/div>\n","protected":false},"excerpt":{"rendered":"<p>Groupe d\u2019\u00c9tudes et de Recherche sur la Coop\u00e9ration Internationale et Europ\u00e9enne (GERCIE) \u2013 EA 2110 50, Avenue Jean Portalis 37200 TOURS Directrice de la publication : Selma Josso Donn\u00e9es personnelles et informations nominatives Conform\u00e9ment \u00e0 l\u2019article 34 de la Loi \u00ab\u00a0Informatique et Libert\u00e9s\u00a0\u00bb n\u00b0 78-17 du 6 janvier 1978, modifi\u00e9e le 6 ao\u00fbt 2004, vous &hellip; <a href=\"https:\/\/cjde.univ-tours.fr\/index.php\/mentions-legales\/\" class=\"more-link\">Continuer la lecture<span class=\"screen-reader-text\"> de &laquo;&nbsp;Mentions l\u00e9gales&nbsp;&raquo;<\/span><\/a><\/p>\n","protected":false},"author":1,"featured_media":0,"parent":0,"menu_order":0,"comment_status":"closed","ping_status":"closed","template":"","meta":{"footnotes":""},"class_list":["post-34","page","type-page","status-publish","hentry"],"_links":{"self":[{"href":"https:\/\/cjde.univ-tours.fr\/index.php\/wp-json\/wp\/v2\/pages\/34","targetHints":{"allow":["GET"]}}],"collection":[{"href":"https:\/\/cjde.univ-tours.fr\/index.php\/wp-json\/wp\/v2\/pages"}],"about":[{"href":"https:\/\/cjde.univ-tours.fr\/index.php\/wp-json\/wp\/v2\/types\/page"}],"author":[{"embeddable":true,"href":"https:\/\/cjde.univ-tours.fr\/index.php\/wp-json\/wp\/v2\/users\/1"}],"replies":[{"embeddable":true,"href":"https:\/\/cjde.univ-tours.fr\/index.php\/wp-json\/wp\/v2\/comments?post=34"}],"version-history":[{"count":3,"href":"https:\/\/cjde.univ-tours.fr\/index.php\/wp-json\/wp\/v2\/pages\/34\/revisions"}],"predecessor-version":[{"id":52,"href":"https:\/\/cjde.univ-tours.fr\/index.php\/wp-json\/wp\/v2\/pages\/34\/revisions\/52"}],"wp:attachment":[{"href":"https:\/\/cjde.univ-tours.fr\/index.php\/wp-json\/wp\/v2\/media?parent=34"}],"curies":[{"name":"wp","href":"https:\/\/api.w.org\/{rel}","templated":true}]}}