{"id":29,"date":"2015-11-24T10:59:29","date_gmt":"2015-11-24T09:59:29","guid":{"rendered":"http:\/\/dev.msh-vdl.fr\/clinique\/?page_id=29"},"modified":"2015-11-24T10:59:29","modified_gmt":"2015-11-24T09:59:29","slug":"accueil","status":"publish","type":"page","link":"https:\/\/cjde.univ-tours.fr\/index.php\/accueil\/","title":{"rendered":"Accueil"},"content":{"rendered":"<p>AVEC LE SOUTIEN DE l\u2019Universit\u00e9 Fran\u00e7ois Rabelais, la Facult\u00e9 de droit, Gercie, MSH, Maison de l\u2019Europe, Commission europ\u00e9enne, Parlement europ\u00e9en<\/p>\n","protected":false},"excerpt":{"rendered":"<p>AVEC LE SOUTIEN DE l\u2019Universit\u00e9 Fran\u00e7ois Rabelais, la Facult\u00e9 de droit, Gercie, MSH, Maison de l\u2019Europe, Commission europ\u00e9enne, Parlement europ\u00e9en<\/p>\n","protected":false},"author":1,"featured_media":0,"parent":0,"menu_order":0,"comment_status":"closed","ping_status":"closed","template":"","meta":{"footnotes":""},"class_list":["post-29","page","type-page","status-publish","hentry"],"_links":{"self":[{"href":"https:\/\/cjde.univ-tours.fr\/index.php\/wp-json\/wp\/v2\/pages\/29","targetHints":{"allow":["GET"]}}],"collection":[{"href":"https:\/\/cjde.univ-tours.fr\/index.php\/wp-json\/wp\/v2\/pages"}],"about":[{"href":"https:\/\/cjde.univ-tours.fr\/index.php\/wp-json\/wp\/v2\/types\/page"}],"author":[{"embeddable":true,"href":"https:\/\/cjde.univ-tours.fr\/index.php\/wp-json\/wp\/v2\/users\/1"}],"replies":[{"embeddable":true,"href":"https:\/\/cjde.univ-tours.fr\/index.php\/wp-json\/wp\/v2\/comments?post=29"}],"version-history":[{"count":1,"href":"https:\/\/cjde.univ-tours.fr\/index.php\/wp-json\/wp\/v2\/pages\/29\/revisions"}],"predecessor-version":[{"id":30,"href":"https:\/\/cjde.univ-tours.fr\/index.php\/wp-json\/wp\/v2\/pages\/29\/revisions\/30"}],"wp:attachment":[{"href":"https:\/\/cjde.univ-tours.fr\/index.php\/wp-json\/wp\/v2\/media?parent=29"}],"curies":[{"name":"wp","href":"https:\/\/api.w.org\/{rel}","templated":true}]}}