{"id":27,"date":"2015-11-24T10:57:32","date_gmt":"2015-11-24T09:57:32","guid":{"rendered":"http:\/\/dev.msh-vdl.fr\/clinique\/?page_id=27"},"modified":"2021-07-27T16:59:25","modified_gmt":"2021-07-27T15:59:25","slug":"travaux-de-la-cjde","status":"publish","type":"page","link":"https:\/\/cjde.univ-tours.fr\/index.php\/travaux-de-la-cjde\/","title":{"rendered":"Activit\u00e9s de la CJDE"},"content":{"rendered":"<header class=\"entry-header\">\n<h1 style=\"text-align: center;\">Travaux cliniques 2019-2020<\/h1>\n<p>Malgr\u00e9 la pand\u00e9mie de Covid-19, les \u00e9tudiants de la Clinique juridique ont eu la possibilit\u00e9 &#8211; et nous les en remercions\u00a0 &#8211; de travailler avec la <a href=\"https:\/\/www.lacimade.org\/permanence\/tours\/\">CIMADE<\/a> d&rsquo;Indre et Loire.<\/p>\n<p><img decoding=\"async\" class=\"aligncenter\" src=\"https:\/\/www.lacimade.org\/wp-content\/themes\/cimade\/_img\/lacimade-couleur.svg\" width=\"314\" \/><\/p>\n<p>Le Confinement a n\u00e9cessit\u00e9 de red\u00e9finir le projet et ses modalit\u00e9s de mise en \u0153uvre. Alors que les \u00e9tudiants devaient initialement assister aux permanences et r\u00e9aliser &#8211; avec et pour les b\u00e9n\u00e9ficiaires de la CIMADE &#8211; un guide d&rsquo;acc\u00e8s aux droits, ils n&rsquo;ont pu r\u00e9aliser qu&rsquo;un guide plus classique contenant l&rsquo;ensemble des droits et les points d&rsquo;acc\u00e8s correspondants.<\/p>\n<p>Par ailleurs, les \u00e9tudiants et la repr\u00e9sentante de la CIMADE de Tours devaient pr\u00e9senter leur projet au <a href=\"https:\/\/www.unige.ch\/droit\/lawclinic\/fr\/evenements\/actualites\/2021\/resultat-migrants-2\/\">5\u00e8me colloque international du r\u00e9seau des cliniques juridiques francophones<\/a> organis\u00e9 par la Law Clinic de l\u2019Universit\u00e9 de Gen\u00e8ve (Suisse). Le colloque a \u00e9t\u00e9 report\u00e9 au printemps 2022.<\/p>\n<h1 class=\"entry-title\" style=\"text-align: center;\">Travaux cliniques 2018-2019<\/h1>\n<\/header>\n<div class=\"entry-content\">\n<p><strong>Identifier les dispositifs nationaux et europ\u00e9ens \u00e0 destination des entreprises du territoire de la cinqui\u00e8me circonscription d\u2019Indre et Loire<\/strong>.<\/p>\n<p>Au cours de l\u2019ann\u00e9e universitaire 2018-2019, les \u00e9tudiants de la Clinique juridique ont eu l\u2019opportunit\u00e9 de travailler avec Mme la d\u00e9put\u00e9e et Pr\u00e9sidente de la Commission des affaires europ\u00e9ennes de l\u2019Assembl\u00e9e nationale,<a href=\"https:\/\/www2.assemblee-nationale.fr\/deputes\/fiche\/OMC_PA719822\"> Sabine THILLAYE.<\/a><\/p>\n<p><img decoding=\"async\" class=\"aligncenter\" src=\"https:\/\/www2.assemblee-nationale.fr\/static\/tribun\/15\/photos\/719822.jpg\" \/><\/p>\n<p>Nos 4 \u00e9tudiants ont eu la chance de pouvoir pr\u00e9senter leur rapport \u00e0 la Commission des affaires europ\u00e9ennes et b\u00e9n\u00e9ficier d\u2019une visite de l\u2019Assembl\u00e9e nationale.<\/p>\n<\/div>\n<h1 style=\"text-align: center;\"><strong>Travaux Cliniques 2016-2017<\/strong><\/h1>\n<p><em>Gr\u00e2ce au succ\u00e8s du Travail clinique r\u00e9alis\u00e9 l&rsquo;an dernier, nos \u00e9tudiants de la promo 2016-2017 ont l&rsquo;opportunit\u00e9 de travailler, en parall\u00e8le, sur deux projets compl\u00e9mentaires !<\/em><\/p>\n<p><strong>Projet 1 : Faciliter l&rsquo;acc\u00e8s des structures de la r\u00e9gion Centre Val de Loire oeuvrant dans le \u00ab\u00a0social\u00a0\u00bb aux subventions europ\u00e9ennes du Fonds social europ\u00e9en &#8211; FSE.<\/strong><\/p>\n<p>Notre\u00a0partenaire :\u00a0Mme\u00a0le D\u00e9put\u00e9 europ\u00e9en\u00a0<a href=\"http:\/\/www.europarl.europa.eu\/meps\/fr\/124732\/ANGELIQUE_DELAHAYE_home.html\">Ang\u00e9lique DELAHAYE<\/a><\/p>\n<p style=\"text-align: justify;\"><a href=\"http:\/\/cjde.univ-tours.fr\/wp-content\/uploads\/2015\/11\/Angelique-Delahaye.jpg\"><img loading=\"lazy\" decoding=\"async\" class=\"size-full wp-image-135 aligncenter\" src=\"http:\/\/cjde.univ-tours.fr\/wp-content\/uploads\/2015\/11\/Angelique-Delahaye.jpg\" alt=\"\" width=\"170\" height=\"215\" \/><\/a><\/p>\n<p>Mme le d\u00e9put\u00e9 europ\u00e9en Ang\u00e9lique DELAHAYE a renouvel\u00e9 sa confiance en la CJDE !<\/p>\n<p>Apr\u00e8s la r\u00e9alisation d&rsquo;un guide pratique FEDER destin\u00e9 aux entreprises de la r\u00e9gion Centre Val de Loire (promo 2015-2016), Mme le d\u00e9put\u00e9 europ\u00e9en\u00a0nous a confi\u00e9 la r\u00e9alisation d&rsquo;un guide FSE destin\u00e9 aux structures sociales de la r\u00e9gion Centre Val de Loire.<\/p>\n<p style=\"text-align: justify;\"><strong>Projet 2 : Etudier la faisabilit\u00e9 d&rsquo;une\u00a0demande de subvention FSE d&rsquo;une Association.<\/strong><\/p>\n<p style=\"text-align: justify;\">Notre partenaire : l&rsquo;<a href=\"http:\/\/cjde.univ-tours.fr\/wp-content\/uploads\/2015\/11\/plaquette-claac-2017.pdf\">Association CLAAC<\/a> &#8211; Culture, Loisir, Accueil et Animation en Chinonais.<\/p>\n<p style=\"text-align: left;\"><a href=\"http:\/\/cjde.univ-tours.fr\/wp-content\/uploads\/2015\/11\/visuel-CLAAC.jpg\"><img loading=\"lazy\" decoding=\"async\" class=\"wp-image-317 aligncenter\" src=\"http:\/\/cjde.univ-tours.fr\/wp-content\/uploads\/2015\/11\/visuel-CLAAC.jpg\" alt=\"\" width=\"389\" height=\"59\" \/><\/a>A la\u00a0commande plus \u00ab\u00a0th\u00e9orique\u00a0\u00bb de Mme le d\u00e9put\u00e9 europ\u00e9en s&rsquo;ajoute une mise en pratique gr\u00e2ce \u00e0 notre nouveau partenaire,\u00a0\u00a0le CLAAC.<\/p>\n<p style=\"text-align: left;\">L&rsquo;activit\u00e9 de cette Association bas\u00e9e \u00e0 Chinon s&rsquo;articule autour de trois Foyers de jeunes travailleurs (FJT), d&rsquo;un Centre social et d&rsquo;un Point Expert associatif. \u00a0Nos \u00e9tudiants, encadr\u00e9s par Gr\u00e9gory MORTIER (Directeur de l&rsquo;Association) et l&rsquo;ensemble des \u00e9quipes du CLAAC, envisagerons les conditions dans lesquelles le CLAAC peut demander &#8211; et obtenir &#8211; une subvention du FSE.<\/p>\n<header id=\"masthead\" class=\"site-header\" role=\"banner\">\n<div class=\"site-header-main\">\n<div id=\"site-header-menu\" class=\"site-header-menu\">\n<nav id=\"site-navigation\" class=\"main-navigation\" role=\"navigation\" aria-label=\"Menu principal\" aria-expanded=\"false\">\n<div class=\"menu-menu-principal-container\"><\/div>\n<\/nav>\n<\/div>\n<\/div>\n<\/header>\n<div id=\"content\" class=\"site-content\">\n<div id=\"primary\" class=\"content-area\">\n<article id=\"post-314\" class=\"post-314 post type-post status-publish format-standard hentry category-non-classe\">\n<header class=\"entry-header\">\n<h1 class=\"entry-title\" style=\"text-align: center;\">Travaux cliniques 2015-2016<\/h1>\n<\/header>\n<div class=\"entry-content\">\n<p><strong>Faciliter\u00a0l\u2019acc\u00e8s des petites et moyennes entreprises de la r\u00e9gion Centre Val de Loire aux subventions europ\u00e9ennes.<\/strong><\/p>\n<p>Notre\u00a0partenaire :\u00a0Mme\u00a0la D\u00e9put\u00e9e europ\u00e9enne\u00a0<a href=\"http:\/\/www.europarl.europa.eu\/meps\/fr\/124732\/ANGELIQUE_DELAHAYE_home.html\">Ang\u00e9lique DELAHAYE<\/a><\/p>\n<p><a href=\"http:\/\/cjde.univ-tours.fr\/wp-content\/uploads\/2015\/11\/Angelique-Delahaye.jpg\"><img loading=\"lazy\" decoding=\"async\" class=\"size-full wp-image-135 aligncenter\" src=\"http:\/\/cjde.univ-tours.fr\/wp-content\/uploads\/2015\/11\/Angelique-Delahaye.jpg\" alt=\"\" width=\"170\" height=\"215\" \/><\/a>Mme la D\u00e9put\u00e9e europ\u00e9enne\u00a0a confi\u00e9 aux \u00e9tudiant(e)s un travail remplissant une fonction sociale particuli\u00e8rement importante en temps de crise : faciliter l\u2019acc\u00e8s des petites et moyennes entreprises de la r\u00e9gion Centre Val de Loire aux subventions europ\u00e9ennes.<\/p>\n<p>En collaboration \u00e9troite avec Mme la D\u00e9put\u00e9e europ\u00e9enne et ses attach\u00e9s parlementaires,\u00a0les \u00e9tudiant(e)s con\u00e7oivent un guide \u00e0 destination des chefs d\u2019entreprise de la R\u00e9gion. Son objectif :\u00a0expliquer simplement mais efficacement\u00a0les Fonds structurels et les subventions europ\u00e9ennes qui y sont associ\u00e9es, les proc\u00e9dures \u00e0 suivre ou encore les personnes et services ressources.<\/p>\n<p>Afin de concevoir un guide utile, les \u00e9tudiant(e)s de la CJDE ont assist\u00e9, le 1er mars 2016, \u00e0 une r\u00e9union organis\u00e9e par le service Europe de la R\u00e9gion Centre Val de Loire et destin\u00e9e aux organismes prescripteurs sur le territoire.<\/p>\n<\/div>\n<\/article>\n<\/div>\n<\/div>\n<p style=\"text-align: center;\">\n","protected":false},"excerpt":{"rendered":"<p>Travaux cliniques 2019-2020 Malgr\u00e9 la pand\u00e9mie de Covid-19, les \u00e9tudiants de la Clinique juridique ont eu la possibilit\u00e9 &#8211; et nous les en remercions\u00a0 &#8211; de travailler avec la CIMADE d&rsquo;Indre et Loire. Le Confinement a n\u00e9cessit\u00e9 de red\u00e9finir le projet et ses modalit\u00e9s de mise en \u0153uvre. Alors que les \u00e9tudiants devaient initialement assister &hellip; <a href=\"https:\/\/cjde.univ-tours.fr\/index.php\/travaux-de-la-cjde\/\" class=\"more-link\">Continuer la lecture<span class=\"screen-reader-text\"> de &laquo;&nbsp;Activit\u00e9s de la CJDE&nbsp;&raquo;<\/span><\/a><\/p>\n","protected":false},"author":1,"featured_media":0,"parent":0,"menu_order":0,"comment_status":"closed","ping_status":"closed","template":"","meta":{"footnotes":""},"class_list":["post-27","page","type-page","status-publish","hentry"],"_links":{"self":[{"href":"https:\/\/cjde.univ-tours.fr\/index.php\/wp-json\/wp\/v2\/pages\/27","targetHints":{"allow":["GET"]}}],"collection":[{"href":"https:\/\/cjde.univ-tours.fr\/index.php\/wp-json\/wp\/v2\/pages"}],"about":[{"href":"https:\/\/cjde.univ-tours.fr\/index.php\/wp-json\/wp\/v2\/types\/page"}],"author":[{"embeddable":true,"href":"https:\/\/cjde.univ-tours.fr\/index.php\/wp-json\/wp\/v2\/users\/1"}],"replies":[{"embeddable":true,"href":"https:\/\/cjde.univ-tours.fr\/index.php\/wp-json\/wp\/v2\/comments?post=27"}],"version-history":[{"count":22,"href":"https:\/\/cjde.univ-tours.fr\/index.php\/wp-json\/wp\/v2\/pages\/27\/revisions"}],"predecessor-version":[{"id":345,"href":"https:\/\/cjde.univ-tours.fr\/index.php\/wp-json\/wp\/v2\/pages\/27\/revisions\/345"}],"wp:attachment":[{"href":"https:\/\/cjde.univ-tours.fr\/index.php\/wp-json\/wp\/v2\/media?parent=27"}],"curies":[{"name":"wp","href":"https:\/\/api.w.org\/{rel}","templated":true}]}}