{"id":248,"date":"2016-05-23T13:28:27","date_gmt":"2016-05-23T12:28:27","guid":{"rendered":"http:\/\/cjde.univ-tours.fr\/?page_id=248"},"modified":"2016-05-23T14:46:15","modified_gmt":"2016-05-23T13:46:15","slug":"temoignages","status":"publish","type":"page","link":"https:\/\/cjde.univ-tours.fr\/index.php\/temoignages\/","title":{"rendered":"T\u00e9moignages"},"content":{"rendered":"<p>\u00c9tant donn\u00e9 la date de cr\u00e9ation de la CJDE (septembre 2015), nous n&rsquo;avons pas encore de t\u00e9moignages d&rsquo;ancien(ne)s \u00e9tudiant(e)s et intervenant(e)s professionnel(le)s.<\/p>\n<p>Patience, cela ne saurait tarder&#8230;<\/p>\n<p>&nbsp;<\/p>\n<p>\u00c9tudiants<\/p>\n<hr \/>\n<p>Intervenants professionnels<\/p>\n<p>&nbsp;<\/p>\n","protected":false},"excerpt":{"rendered":"<p>\u00c9tant donn\u00e9 la date de cr\u00e9ation de la CJDE (septembre 2015), nous n&rsquo;avons pas encore de t\u00e9moignages d&rsquo;ancien(ne)s \u00e9tudiant(e)s et intervenant(e)s professionnel(le)s. Patience, cela ne saurait tarder&#8230; &nbsp; \u00c9tudiants Intervenants professionnels &nbsp;<\/p>\n","protected":false},"author":1,"featured_media":0,"parent":0,"menu_order":0,"comment_status":"closed","ping_status":"closed","template":"","meta":{"footnotes":""},"class_list":["post-248","page","type-page","status-publish","hentry"],"_links":{"self":[{"href":"https:\/\/cjde.univ-tours.fr\/index.php\/wp-json\/wp\/v2\/pages\/248","targetHints":{"allow":["GET"]}}],"collection":[{"href":"https:\/\/cjde.univ-tours.fr\/index.php\/wp-json\/wp\/v2\/pages"}],"about":[{"href":"https:\/\/cjde.univ-tours.fr\/index.php\/wp-json\/wp\/v2\/types\/page"}],"author":[{"embeddable":true,"href":"https:\/\/cjde.univ-tours.fr\/index.php\/wp-json\/wp\/v2\/users\/1"}],"replies":[{"embeddable":true,"href":"https:\/\/cjde.univ-tours.fr\/index.php\/wp-json\/wp\/v2\/comments?post=248"}],"version-history":[{"count":4,"href":"https:\/\/cjde.univ-tours.fr\/index.php\/wp-json\/wp\/v2\/pages\/248\/revisions"}],"predecessor-version":[{"id":255,"href":"https:\/\/cjde.univ-tours.fr\/index.php\/wp-json\/wp\/v2\/pages\/248\/revisions\/255"}],"wp:attachment":[{"href":"https:\/\/cjde.univ-tours.fr\/index.php\/wp-json\/wp\/v2\/media?parent=248"}],"curies":[{"name":"wp","href":"https:\/\/api.w.org\/{rel}","templated":true}]}}